{"id":306,"date":"2021-11-14T22:17:26","date_gmt":"2021-11-14T22:17:26","guid":{"rendered":"http:\/\/tidirefi.com\/nozzles-inkjet\/"},"modified":"2021-11-15T17:51:59","modified_gmt":"2021-11-15T17:51:59","slug":"inkjet-nozzles","status":"publish","type":"page","link":"https:\/\/tidirefi.com\/en\/inkjet-nozzles\/","title":{"rendered":"Inkjet nozzles"},"content":{"rendered":"<div  class='flex_column av-1i3vp-2e9c6e73dd2a4f3d63a0227feb1fc551 av_one_half  avia-builder-el-0  el_before_av_one_half  avia-builder-el-first  first flex_column_div  '     ><section  class='av_textblock_section av-kvzssh0p-c18f843d7dc7690b94c957c49c92cd1d '   itemscope=\"itemscope\" itemtype=\"https:\/\/schema.org\/CreativeWork\" ><div class='avia_textblock'  itemprop=\"text\" ><p><img alt=\"tidirefi-inkjet-nozzles\" loading=\"lazy\" decoding=\"async\" class=\"so-widget-image\" src=\"https:\/\/tidirefi.com\/wp-content\/uploads\/2016\/03\/nozzles.jpg\" sizes=\"auto, (max-width: 800px) 100vw, 800px\" srcset=\"https:\/\/tidirefi.com\/wp-content\/uploads\/2016\/03\/nozzles.jpg 800w, https:\/\/tidirefi.com\/wp-content\/uploads\/2016\/03\/nozzles-300x201.jpg 300w, https:\/\/tidirefi.com\/wp-content\/uploads\/2016\/03\/nozzles-768x514.jpg 768w, https:\/\/tidirefi.com\/wp-content\/uploads\/2016\/03\/nozzles-272x182.jpg 272w\" alt=\"\" width=\"800\" height=\"535\" \/><\/p>\n<\/div><\/section><\/div>\n<div  class='flex_column av-z1b1-c4f0e08165295652fc96974a9835c4c6 av_one_half  avia-builder-el-2  el_after_av_one_half  el_before_av_textblock  flex_column_div  '     ><section  class='av_textblock_section av-kvzss5xv-d5f4e8b1e8ec5ed2b6e75294d58ebaa7 '   itemscope=\"itemscope\" itemtype=\"https:\/\/schema.org\/CreativeWork\" ><div class='avia_textblock'  itemprop=\"text\" ><p>Tidirefi\u00ae offers, for most of the OEM printers, a lot of original and compatible nozzles, the same size, shape and performance as the original, great modulation range and minimum divert and obstruction.<br \/>\nDifferent micron availability.<\/p>\n<\/div><\/section><\/div><section  class='av_textblock_section av-kvzst5np-905b3f0b0d4177e207abacaab76ae47b '   itemscope=\"itemscope\" itemtype=\"https:\/\/schema.org\/CreativeWork\" ><div class='avia_textblock'  itemprop=\"text\" ><h2>Productos por marca<\/h2>\n<h3>Citronix<\/h3>\n<table class=\"tabla_productos\">\n<thead>\n<tr>\n<td>OEM Ref.<\/td>\n<td>Tidirefi Ref.<\/td>\n<td>English Description<\/td>\n<td>Descripci\u00f3n Espa\u00f1ol<\/td>\n<td align=\"center\" width=\"100\">Imagen<\/td>\n<\/tr>\n<\/thead>\n<tbody>\n<tr>\n<td>002-2025-001<\/td>\n<td>CR0022025001<\/td>\n<td>Nozzle 65mic (MIDI)<\/td>\n<td>Boquilla 65mic (MIDI)<\/td>\n<td align=\"center\"><a href=\"https:\/\/tidirefi.com\/wp-content\/uploads\/productos\/img\/CR0022025001.jpg\" rel=\"lightbox\"><img decoding=\"async\" src=\"https:\/\/tidirefi.com\/wp-content\/uploads\/productos\/img\/CR0022025001.jpg\" alt=\"cr0022025001-tidirefi-inkjet-nozzles\" width=\"100\" \/><\/a><\/td>\n<\/tr>\n<tr>\n<td>002-2027-001<\/td>\n<td>CR0022027001<\/td>\n<td>Nozzle 50mic HS 50 system<\/td>\n<td>Boquilla 50 mic HS 50 system<\/td>\n<td align=\"center\"><\/td>\n<\/tr>\n<tr>\n<td>002-2026-001<\/td>\n<td>CR0022026001<\/td>\n<td>Nozzle 40mic micro<\/td>\n<td>Boquilla 40mic micro<\/td>\n<td align=\"center\"><\/td>\n<\/tr>\n<\/tbody>\n<\/table>\n<h3>Domino<\/h3>\n<table class=\"tabla_productos\">\n<thead>\n<tr>\n<td>OEM Ref.<\/td>\n<td>Tidirefi Ref.<\/td>\n<td>English Description<\/td>\n<td>Descripci\u00f3n Espa\u00f1ol<\/td>\n<td align=\"center\" width=\"100\">Imagen<\/td>\n<\/tr>\n<\/thead>\n<tbody>\n<tr>\n<td>26265<\/td>\n<td>DR26265<\/td>\n<td>Nozzle 60mic Codebox<\/td>\n<td>Boquilla 60mic Codebox<\/td>\n<td align=\"center\"><a href=\"https:\/\/tidirefi.com\/wp-content\/uploads\/productos\/img\/DR26265.jpg\" rel=\"lightbox\"><img decoding=\"async\" src=\"https:\/\/tidirefi.com\/wp-content\/uploads\/productos\/img\/DR26265.jpg\" alt=\"dr26265-tidirefi-inkjet-nozzles\" width=\"100\" \/><\/a><\/td>\n<\/tr>\n<tr>\n<td>26266<\/td>\n<td>DR26266<\/td>\n<td>Nozzle 75mic Codebox<\/td>\n<td>Boquilla 75mic Codebox<\/td>\n<td align=\"center\"><\/td>\n<\/tr>\n<tr>\n<td>26743<\/td>\n<td>DR26743<\/td>\n<td>Nozzle plate 75mic<\/td>\n<td>Boquilla 75mic<\/td>\n<td align=\"center\"><a href=\"https:\/\/tidirefi.com\/wp-content\/uploads\/productos\/img\/DR26743.jpg\" rel=\"lightbox\"><img decoding=\"async\" src=\"https:\/\/tidirefi.com\/wp-content\/uploads\/productos\/img\/DR26743.jpg\" alt=\"dr26743-tidirefi-inkjet-nozzles\" width=\"100\" \/><\/a><\/td>\n<\/tr>\n<tr>\n<td>26828<\/td>\n<td>DR26828<\/td>\n<td>Nozzle plate 60mic<\/td>\n<td>Boquilla 60mic<\/td>\n<td align=\"center\"><a href=\"https:\/\/tidirefi.com\/wp-content\/uploads\/productos\/img\/DR26828.jpg\" rel=\"lightbox\"><img decoding=\"async\" src=\"https:\/\/tidirefi.com\/wp-content\/uploads\/productos\/img\/DR26828.jpg\" alt=\"dr26828-tidirefi-inkjet-nozzles\" width=\"100\" \/><\/a><\/td>\n<\/tr>\n<tr>\n<td>26829<\/td>\n<td>DR26829<\/td>\n<td>Nozzle plate 40mic<\/td>\n<td>Boquilla 40mic<\/td>\n<td align=\"center\"><\/td>\n<\/tr>\n<tr>\n<td>26935<\/td>\n<td>DR26935<\/td>\n<td>Nozzle plate 50mic<\/td>\n<td>Boquilla 50mic<\/td>\n<td align=\"center\"><\/td>\n<\/tr>\n<tr>\n<td>33434<\/td>\n<td>DR33434<\/td>\n<td>Nozzle plate 12mic<\/td>\n<td>Inyector 12mic<\/td>\n<td align=\"center\"><\/td>\n<\/tr>\n<tr>\n<td>33435<\/td>\n<td>DR33435<\/td>\n<td>Nozzle plate 20mic<\/td>\n<td>Inyector 20mic<\/td>\n<td align=\"center\"><\/td>\n<\/tr>\n<tr>\n<td>33436<\/td>\n<td>DR33436<\/td>\n<td>Nozzle plate 32mic<\/td>\n<td>Inyector 32mic<\/td>\n<td align=\"center\"><\/td>\n<\/tr>\n<tr>\n<td>33459<\/td>\n<td>DR33459<\/td>\n<td>Nozzle plate 16mic<\/td>\n<td>Inyector 16mic<\/td>\n<td align=\"center\"><\/td>\n<\/tr>\n<tr>\n<td>33462<\/td>\n<td>DR33462<\/td>\n<td>Nozzle plate 50mic<\/td>\n<td>Inyector 50mic<\/td>\n<td align=\"center\"><\/td>\n<\/tr>\n<\/tbody>\n<\/table>\n<h3>Markem Image<\/h3>\n<table class=\"tabla_productos\">\n<thead>\n<tr>\n<td>OEM Ref.<\/td>\n<td>Tidirefi Ref.<\/td>\n<td>English Description<\/td>\n<td>Descripci\u00f3n Espa\u00f1ol<\/td>\n<td align=\"center\" width=\"100\">Imagen<\/td>\n<\/tr>\n<\/thead>\n<tbody>\n<tr>\n<td>ENM6224<\/td>\n<td>IRENM6224<\/td>\n<td>Cannon M 50 mic monojet<\/td>\n<td>Ca\u00f1on M 50mic monojet<\/td>\n<td align=\"center\"><a href=\"https:\/\/tidirefi.com\/wp-content\/uploads\/productos\/img\/IRENM6224.jpg\" rel=\"lightbox\"><img decoding=\"async\" src=\"https:\/\/tidirefi.com\/wp-content\/uploads\/productos\/img\/IRENM6224.jpg\" alt=\"irenm6224-tidirefi-inkjet-nozzles\" width=\"100\" \/><\/a><\/td>\n<\/tr>\n<tr>\n<td>ENM14431<\/td>\n<td>IRENM14431<\/td>\n<td>Cannon EEG 72<\/td>\n<td>Ca\u00f1on EEG 72<\/td>\n<td align=\"center\"><a href=\"https:\/\/tidirefi.com\/wp-content\/uploads\/productos\/img\/IRENM14431.jpg\" rel=\"lightbox\"><img decoding=\"async\" src=\"https:\/\/tidirefi.com\/wp-content\/uploads\/productos\/img\/IRENM14431.jpg\" alt=\"irenm14431-tidirefi-inkjet-nozzles\" width=\"100\" \/><\/a><\/td>\n<\/tr>\n<tr>\n<td>ENM28646<\/td>\n<td>IRENM28646<\/td>\n<td>Modulation assembly M 50 mic (with resonator-nozzle and canon holder)<\/td>\n<td>Ca\u00f1\u00f3n y set de modulaci\u00f3n M 50 mic (con resonador-inyector y soporte de ca\u00f1\u00f3n)<\/td>\n<td align=\"center\"><\/td>\n<\/tr>\n<tr>\n<td>ENM28646<\/td>\n<td>IRENM28646-1<\/td>\n<td>Nozzle plate with screws and oring 72 mic<\/td>\n<td>Boquilla con tornillo y oring 72 mic<\/td>\n<td align=\"center\"><\/td>\n<\/tr>\n<tr>\n<td>ENM37519 \/ ENM7243<\/td>\n<td>IRENM37519<\/td>\n<td>Modulation assembly G 72mic<\/td>\n<td>Ca\u00f1\u00f3n y set de modulaci\u00f3n G 72 mic<\/td>\n<td align=\"center\"><a href=\"https:\/\/tidirefi.com\/wp-content\/uploads\/productos\/img\/IRENM37519.jpg\" rel=\"lightbox\"><img decoding=\"async\" src=\"https:\/\/tidirefi.com\/wp-content\/uploads\/productos\/img\/IRENM37519.jpg\" alt=\"-irenm37519-tidirefi-inkjet-nozzles\" width=\"100\" \/><\/a><\/td>\n<\/tr>\n<tr>\n<td>ENM37521 \/ ENM6533<\/td>\n<td>IRENM37521<\/td>\n<td>Modulation assembly M 50mic<\/td>\n<td>Ca\u00f1\u00f3n y set de modulaci\u00f3n M 50 mic<\/td>\n<td align=\"center\"><a href=\"https:\/\/tidirefi.com\/wp-content\/uploads\/productos\/img\/IRENM37521.jpg\" rel=\"lightbox\"><img decoding=\"async\" src=\"https:\/\/tidirefi.com\/wp-content\/uploads\/productos\/img\/IRENM37521.jpg\" alt=\"-irenm37521-tidirefi-inkjet-nozzles\" width=\"100\" \/><\/a><\/td>\n<\/tr>\n<tr>\n<td>ENM38540 \/ ENM28270<\/td>\n<td>IRENM38540<\/td>\n<td>Modulation assembly G 72 mic (with resonator-nozzle and canon holder)<\/td>\n<td>Ca\u00f1\u00f3n y set de modulaci\u00f3n 72 mic G (con rseonador-inyector y soporte de ca\u00f1\u00f3n)<\/td>\n<td align=\"center\"><a href=\"https:\/\/tidirefi.com\/wp-content\/uploads\/productos\/img\/IRENM38540.jpg\" rel=\"lightbox\"><img decoding=\"async\" src=\"https:\/\/tidirefi.com\/wp-content\/uploads\/productos\/img\/IRENM38540.jpg\" alt=\"irenm38540-tidirefi-inkjet-nozzles\" width=\"100\" \/><\/a><\/td>\n<\/tr>\n<tr>\n<td>ENM28270<\/td>\n<td>IRENM28270-1<\/td>\n<td>Nozzle plate with screws and oring 50 mic<\/td>\n<td>Boquilla con tornillo y oring 50 mic<\/td>\n<td align=\"center\"><\/td>\n<\/tr>\n<tr>\n<td>A38980<\/td>\n<td>IRA38980<\/td>\n<td>Module assembly G version S black 9232<\/td>\n<td>Ca\u00f1\u00f3n y m\u00f3dulo de impresi\u00f3n G version S negro 9232<\/td>\n<td align=\"center\"><\/td>\n<\/tr>\n<tr>\n<td>ENM40038<\/td>\n<td>IRENM40038<\/td>\n<td>Modulation assembly 9232<\/td>\n<td>Conjunto de moudlaci\u00f3n 9232<\/td>\n<td align=\"center\"><\/td>\n<\/tr>\n<tr>\n<td>ENM41973<\/td>\n<td>IRENM41973<\/td>\n<td>Modulation assembly IP65<\/td>\n<td>M\u00f3dulo de impresi\u00f3n IP65<\/td>\n<td align=\"center\"><\/td>\n<\/tr>\n<\/tbody>\n<\/table>\n<h3>Linx<\/h3>\n<table class=\"tabla_productos\">\n<thead>\n<tr>\n<td>OEM Ref.<\/td>\n<td>Tidirefi Ref.<\/td>\n<td>English Description<\/td>\n<td>Descripci\u00f3n Espa\u00f1ol<\/td>\n<td align=\"center\" width=\"100\">Imagen<\/td>\n<\/tr>\n<\/thead>\n<tbody>\n<tr>\n<td>FA74070\/FA3103<\/td>\n<td>LRFA74070<\/td>\n<td>Nozzle 62mic<\/td>\n<td>Boquilla 62 mic<\/td>\n<td align=\"center\"><a href=\"https:\/\/tidirefi.com\/wp-content\/uploads\/productos\/img\/LRFA74070.jpg\" rel=\"lightbox\"><img decoding=\"async\" src=\"https:\/\/tidirefi.com\/wp-content\/uploads\/productos\/img\/LRFA74070.jpg\" alt=\"lrfa74070-tidirefi-inkjet-nozzles\" width=\"100\" \/><\/a><\/td>\n<\/tr>\n<tr>\n<td>FA74218<\/td>\n<td>LRFA74218<\/td>\n<td>Nozzle 50mic<\/td>\n<td>Boquilla 50 mic<\/td>\n<td align=\"center\"><\/td>\n<\/tr>\n<tr>\n<td>FA74241<\/td>\n<td>LRFA74241<\/td>\n<td>Nozzle 40mic<\/td>\n<td>Boquilla 40 mic<\/td>\n<td align=\"center\"><\/td>\n<\/tr>\n<tr>\n<td>FA74194\/FA3103<\/td>\n<td>LRFA74194<\/td>\n<td>Nozzle 75 mic<\/td>\n<td>Boquilla 75 mic<\/td>\n<td align=\"center\"><a href=\"https:\/\/tidirefi.com\/wp-content\/uploads\/productos\/img\/LRFA74194.jpg\" rel=\"lightbox\"><img decoding=\"async\" src=\"https:\/\/tidirefi.com\/wp-content\/uploads\/productos\/img\/LRFA74194.jpg\" alt=\"lrfa74194-tidirefi-inkjet-nozzles\" width=\"100\" \/><\/a><\/td>\n<\/tr>\n<\/tbody>\n<\/table>\n<h3>Videojet<\/h3>\n<table class=\"tabla_productos\">\n<thead>\n<tr>\n<td>OEM Ref.<\/td>\n<td>Tidirefi Ref.<\/td>\n<td>English Description<\/td>\n<td>Descripci\u00f3n Espa\u00f1ol<\/td>\n<td align=\"center\" width=\"100\">Imagen<\/td>\n<\/tr>\n<\/thead>\n<tbody>\n<tr>\n<td>356666<\/td>\n<td>VR356666<\/td>\n<td>Nozzle 53 mic PKD<\/td>\n<td>Inyector 53mic PKD<\/td>\n<td align=\"center\"><a href=\"https:\/\/tidirefi.com\/wp-content\/uploads\/productos\/img\/VR356666.jpg\" rel=\"lightbox\"><img decoding=\"async\" src=\"https:\/\/tidirefi.com\/wp-content\/uploads\/productos\/img\/VR356666.jpg\" alt=\"vr356666-tidirefi-inkjet-nozzles\" width=\"100\" \/><\/a><\/td>\n<\/tr>\n<tr>\n<td>370214<\/td>\n<td>VR370214<\/td>\n<td>Nozzle 66 mic<\/td>\n<td>Inyector 66mic<\/td>\n<td align=\"center\"><a href=\"https:\/\/tidirefi.com\/wp-content\/uploads\/productos\/img\/VR370214.jpg\" rel=\"lightbox\"><img decoding=\"async\" src=\"https:\/\/tidirefi.com\/wp-content\/uploads\/productos\/img\/VR370214.jpg\" alt=\"vr370214-tidirefi-inkjet-nozzles\" width=\"100\" \/><\/a><\/td>\n<\/tr>\n<tr>\n<td>371675<\/td>\n<td>VR371675<\/td>\n<td>Nozzle 66 mic<\/td>\n<td>Inyector 66mic<\/td>\n<td align=\"center\"><a href=\"https:\/\/tidirefi.com\/wp-content\/uploads\/productos\/img\/VR371675.jpg\" rel=\"lightbox\"><img decoding=\"async\" src=\"https:\/\/tidirefi.com\/wp-content\/uploads\/productos\/img\/VR371675.jpg\" alt=\"vr371675-tidirefi-inkjet-nozzles\" width=\"100\" \/><\/a><\/td>\n<\/tr>\n<tr>\n<td>370699<\/td>\n<td>VR370699<\/td>\n<td>Nozzle 36 mic<\/td>\n<td>Inyector 36mic<\/td>\n<td align=\"center\"><a href=\"https:\/\/tidirefi.com\/wp-content\/uploads\/productos\/img\/VR370699.jpg\" rel=\"lightbox\"><img decoding=\"async\" src=\"https:\/\/tidirefi.com\/wp-content\/uploads\/productos\/img\/VR370699.jpg\" alt=\"vr370699-tidirefi-inkjet-nozzles\" width=\"100\" \/><\/a><\/td>\n<\/tr>\n<tr>\n<td>395619<\/td>\n<td>VR395619<\/td>\n<td>Printed module 60 mic<\/td>\n<td>M\u00f3dulo de impresi\u00f3n 60mic<\/td>\n<td align=\"center\"><\/td>\n<\/tr>\n<tr>\n<td>395620<\/td>\n<td>VR395620<\/td>\n<td>Printed module 70 mic<\/td>\n<td>M\u00f3dulo de impresi\u00f3n 70mic<\/td>\n<td align=\"center\"><\/td>\n<\/tr>\n<tr>\n<td>399165<\/td>\n<td>VR399165<\/td>\n<td>Nozzle with manifold 70mic S1000<\/td>\n<td>Boquilla con colectores 70mic S1000<\/td>\n<td align=\"center\"><\/td>\n<\/tr>\n<tr>\n<td>399180<\/td>\n<td>VR399180<\/td>\n<td>Printed module 70m<\/td>\n<td>Modulo de impresi\u00f3n 70m<\/td>\n<td align=\"center\"><a href=\"https:\/\/tidirefi.com\/wp-content\/uploads\/productos\/img\/VR399180.jpg\" rel=\"lightbox\"><img decoding=\"async\" src=\"https:\/\/tidirefi.com\/wp-content\/uploads\/productos\/img\/VR399180.jpg\" alt=\"vr399180-tidirefi-inkjet-nozzles\" width=\"100\" \/><\/a><\/td>\n<\/tr>\n<tr>\n<td>399780<\/td>\n<td>VR399780<\/td>\n<td>Printed module 60m<\/td>\n<td>Modulo de impresi\u00f3n 60m<\/td>\n<td align=\"center\"><\/td>\n<\/tr>\n<tr>\n<td>&#8212;<\/td>\n<td>VR10013<\/td>\n<td>Nozzle with manifold 50mic S1000<\/td>\n<td>Boquilla con colectores 50mic S1000<\/td>\n<td align=\"center\"><a href=\"https:\/\/tidirefi.com\/wp-content\/uploads\/productos\/img\/VR10013.jpg\" rel=\"lightbox\"><img decoding=\"async\" src=\"https:\/\/tidirefi.com\/wp-content\/uploads\/productos\/img\/VR10013.jpg\" alt=\"vr10013-tidirefi-inkjet-nozzles\" width=\"100\" \/><\/a><\/td>\n<\/tr>\n<\/tbody>\n<\/table>\n<h3>Willet<\/h3>\n<table class=\"tabla_productos\">\n<thead>\n<tr>\n<td>OEM Ref.<\/td>\n<td>Tidirefi Ref.<\/td>\n<td>English Description<\/td>\n<td>Descripci\u00f3n Espa\u00f1ol<\/td>\n<td align=\"center\" width=\"100\">Imagen<\/td>\n<\/tr>\n<\/thead>\n<tbody>\n<tr>\n<td>200-0430-141<\/td>\n<td>WR2000430141<\/td>\n<td>Nozzle 60 mic<\/td>\n<td>Boquilla 60 mic<\/td>\n<td align=\"center\"><a href=\"https:\/\/tidirefi.com\/wp-content\/uploads\/productos\/img\/WR2000430141.jpg\" rel=\"lightbox\"><img decoding=\"async\" src=\"https:\/\/tidirefi.com\/wp-content\/uploads\/productos\/img\/WR2000430141.jpg\" alt=\"wr2000430141-tidirefi-inkjet-nozzles\" width=\"100\" \/><\/a><\/td>\n<\/tr>\n<tr>\n<td>200-0466-163<\/td>\n<td>WR2000466163<\/td>\n<td>Nozzle 60 mic pigmented inks<\/td>\n<td>Boquilla 60 mic para tintas pigmentadas<\/td>\n<td align=\"center\"><\/td>\n<\/tr>\n<tr>\n<td>200-0467-141<\/td>\n<td>WR2000467141<\/td>\n<td>Nozzle 43 mic<\/td>\n<td>Boquilla 43 mic<\/td>\n<td align=\"center\"><\/td>\n<\/tr>\n<tr>\n<td>200-0468-141<\/td>\n<td>WR2000468141<\/td>\n<td>Nozzle 70 mic pigmented inks<\/td>\n<td>Boquilla 70 mic para tintas pigmentadas<\/td>\n<td align=\"center\"><\/td>\n<\/tr>\n<tr>\n<td>200-0468-157<\/td>\n<td>WR2000468157<\/td>\n<td>Nozzle 60 mic pigmented inks<\/td>\n<td>Boquilla 60 mic para tintas pigmentadas<\/td>\n<td align=\"center\"><\/td>\n<\/tr>\n<tr>\n<td>200-0470-157<\/td>\n<td>WR2000470157<\/td>\n<td>Nozzle 70 mic<\/td>\n<td>Boquilla 70 mic<\/td>\n<td align=\"center\"><a href=\"https:\/\/tidirefi.com\/wp-content\/uploads\/productos\/img\/WR2000470157.jpg\" rel=\"lightbox\"><img decoding=\"async\" src=\"https:\/\/tidirefi.com\/wp-content\/uploads\/productos\/img\/WR2000470157.jpg\" alt=\"wr2000470157-tidirefi-inkjet-nozzles\" width=\"100\" \/><\/a><\/td>\n<\/tr>\n<\/tbody>\n<\/table>\n<h3>EBS<\/h3>\n<table class=\"tabla_productos\">\n<thead>\n<tr>\n<td>OEM Ref.<\/td>\n<td>Tidirefi Ref.<\/td>\n<td>English Description<\/td>\n<td>Descripci\u00f3n Espa\u00f1ol<\/td>\n<td align=\"center\" width=\"100\">Imagen<\/td>\n<\/tr>\n<\/thead>\n<tbody>\n<tr>\n<td>P512899 \/ P510596<\/td>\n<td>ERP512899<\/td>\n<td>Complete nozzle gun<\/td>\n<td>Boquilla completa<\/td>\n<td align=\"center\"><\/td>\n<\/tr>\n<\/tbody>\n<\/table>\n<\/div><\/section><\/p>\n","protected":false},"excerpt":{"rendered":"","protected":false},"author":1,"featured_media":0,"parent":0,"menu_order":0,"comment_status":"closed","ping_status":"closed","template":"","meta":{"footnotes":""},"class_list":["post-306","page","type-page","status-publish","format-standard","hentry"],"yoast_head":"<!-- This site is optimized with the Yoast SEO plugin v27.4 - https:\/\/yoast.com\/product\/yoast-seo-wordpress\/ -->\n<title>Inkjet nozzles - Tidirefi<\/title>\n<meta name=\"robots\" content=\"index, follow, max-snippet:-1, max-image-preview:large, max-video-preview:-1\" \/>\n<link rel=\"canonical\" href=\"https:\/\/tidirefi.com\/en\/inkjet-nozzles\/\" \/>\n<meta property=\"og:locale\" content=\"en_US\" \/>\n<meta property=\"og:type\" content=\"article\" \/>\n<meta property=\"og:title\" content=\"Inkjet nozzles - Tidirefi\" \/>\n<meta property=\"og:url\" content=\"https:\/\/tidirefi.com\/en\/inkjet-nozzles\/\" \/>\n<meta property=\"og:site_name\" content=\"Tidirefi\" \/>\n<meta property=\"article:modified_time\" content=\"2021-11-15T17:51:59+00:00\" \/>\n<meta property=\"og:image\" content=\"https:\/\/tidirefi.com\/wp-content\/uploads\/2016\/03\/nozzles.jpg\" \/>\n<meta name=\"twitter:card\" content=\"summary_large_image\" \/>\n<meta name=\"twitter:label1\" content=\"Est. reading time\" \/>\n\t<meta name=\"twitter:data1\" content=\"6 minutes\" \/>\n<script type=\"application\/ld+json\" class=\"yoast-schema-graph\">{\"@context\":\"https:\\\/\\\/schema.org\",\"@graph\":[{\"@type\":\"WebPage\",\"@id\":\"https:\\\/\\\/tidirefi.com\\\/en\\\/inkjet-nozzles\\\/\",\"url\":\"https:\\\/\\\/tidirefi.com\\\/en\\\/inkjet-nozzles\\\/\",\"name\":\"Inkjet nozzles - Tidirefi\",\"isPartOf\":{\"@id\":\"https:\\\/\\\/tidirefi.com\\\/en\\\/#website\"},\"primaryImageOfPage\":{\"@id\":\"https:\\\/\\\/tidirefi.com\\\/en\\\/inkjet-nozzles\\\/#primaryimage\"},\"image\":{\"@id\":\"https:\\\/\\\/tidirefi.com\\\/en\\\/inkjet-nozzles\\\/#primaryimage\"},\"thumbnailUrl\":\"https:\\\/\\\/tidirefi.com\\\/wp-content\\\/uploads\\\/2016\\\/03\\\/nozzles.jpg\",\"datePublished\":\"2021-11-14T22:17:26+00:00\",\"dateModified\":\"2021-11-15T17:51:59+00:00\",\"breadcrumb\":{\"@id\":\"https:\\\/\\\/tidirefi.com\\\/en\\\/inkjet-nozzles\\\/#breadcrumb\"},\"inLanguage\":\"en-US\",\"potentialAction\":[{\"@type\":\"ReadAction\",\"target\":[\"https:\\\/\\\/tidirefi.com\\\/en\\\/inkjet-nozzles\\\/\"]}]},{\"@type\":\"ImageObject\",\"inLanguage\":\"en-US\",\"@id\":\"https:\\\/\\\/tidirefi.com\\\/en\\\/inkjet-nozzles\\\/#primaryimage\",\"url\":\"https:\\\/\\\/tidirefi.com\\\/wp-content\\\/uploads\\\/2016\\\/03\\\/nozzles.jpg\",\"contentUrl\":\"https:\\\/\\\/tidirefi.com\\\/wp-content\\\/uploads\\\/2016\\\/03\\\/nozzles.jpg\"},{\"@type\":\"BreadcrumbList\",\"@id\":\"https:\\\/\\\/tidirefi.com\\\/en\\\/inkjet-nozzles\\\/#breadcrumb\",\"itemListElement\":[{\"@type\":\"ListItem\",\"position\":1,\"name\":\"Portada\",\"item\":\"https:\\\/\\\/tidirefi.com\\\/en\\\/\"},{\"@type\":\"ListItem\",\"position\":2,\"name\":\"Inkjet nozzles\"}]},{\"@type\":\"WebSite\",\"@id\":\"https:\\\/\\\/tidirefi.com\\\/en\\\/#website\",\"url\":\"https:\\\/\\\/tidirefi.com\\\/en\\\/\",\"name\":\"Tidirefi\",\"description\":\"Marcaje y codificaci\u00f3n industrial\",\"potentialAction\":[{\"@type\":\"SearchAction\",\"target\":{\"@type\":\"EntryPoint\",\"urlTemplate\":\"https:\\\/\\\/tidirefi.com\\\/en\\\/?s={search_term_string}\"},\"query-input\":{\"@type\":\"PropertyValueSpecification\",\"valueRequired\":true,\"valueName\":\"search_term_string\"}}],\"inLanguage\":\"en-US\"}]}<\/script>\n<!-- \/ Yoast SEO plugin. -->","yoast_head_json":{"title":"Inkjet nozzles - Tidirefi","robots":{"index":"index","follow":"follow","max-snippet":"max-snippet:-1","max-image-preview":"max-image-preview:large","max-video-preview":"max-video-preview:-1"},"canonical":"https:\/\/tidirefi.com\/en\/inkjet-nozzles\/","og_locale":"en_US","og_type":"article","og_title":"Inkjet nozzles - Tidirefi","og_url":"https:\/\/tidirefi.com\/en\/inkjet-nozzles\/","og_site_name":"Tidirefi","article_modified_time":"2021-11-15T17:51:59+00:00","og_image":[{"url":"https:\/\/tidirefi.com\/wp-content\/uploads\/2016\/03\/nozzles.jpg","type":"","width":"","height":""}],"twitter_card":"summary_large_image","twitter_misc":{"Est. reading time":"6 minutes"},"schema":{"@context":"https:\/\/schema.org","@graph":[{"@type":"WebPage","@id":"https:\/\/tidirefi.com\/en\/inkjet-nozzles\/","url":"https:\/\/tidirefi.com\/en\/inkjet-nozzles\/","name":"Inkjet nozzles - Tidirefi","isPartOf":{"@id":"https:\/\/tidirefi.com\/en\/#website"},"primaryImageOfPage":{"@id":"https:\/\/tidirefi.com\/en\/inkjet-nozzles\/#primaryimage"},"image":{"@id":"https:\/\/tidirefi.com\/en\/inkjet-nozzles\/#primaryimage"},"thumbnailUrl":"https:\/\/tidirefi.com\/wp-content\/uploads\/2016\/03\/nozzles.jpg","datePublished":"2021-11-14T22:17:26+00:00","dateModified":"2021-11-15T17:51:59+00:00","breadcrumb":{"@id":"https:\/\/tidirefi.com\/en\/inkjet-nozzles\/#breadcrumb"},"inLanguage":"en-US","potentialAction":[{"@type":"ReadAction","target":["https:\/\/tidirefi.com\/en\/inkjet-nozzles\/"]}]},{"@type":"ImageObject","inLanguage":"en-US","@id":"https:\/\/tidirefi.com\/en\/inkjet-nozzles\/#primaryimage","url":"https:\/\/tidirefi.com\/wp-content\/uploads\/2016\/03\/nozzles.jpg","contentUrl":"https:\/\/tidirefi.com\/wp-content\/uploads\/2016\/03\/nozzles.jpg"},{"@type":"BreadcrumbList","@id":"https:\/\/tidirefi.com\/en\/inkjet-nozzles\/#breadcrumb","itemListElement":[{"@type":"ListItem","position":1,"name":"Portada","item":"https:\/\/tidirefi.com\/en\/"},{"@type":"ListItem","position":2,"name":"Inkjet nozzles"}]},{"@type":"WebSite","@id":"https:\/\/tidirefi.com\/en\/#website","url":"https:\/\/tidirefi.com\/en\/","name":"Tidirefi","description":"Marcaje y codificaci\u00f3n industrial","potentialAction":[{"@type":"SearchAction","target":{"@type":"EntryPoint","urlTemplate":"https:\/\/tidirefi.com\/en\/?s={search_term_string}"},"query-input":{"@type":"PropertyValueSpecification","valueRequired":true,"valueName":"search_term_string"}}],"inLanguage":"en-US"}]}},"_links":{"self":[{"href":"https:\/\/tidirefi.com\/en\/wp-json\/wp\/v2\/pages\/306","targetHints":{"allow":["GET"]}}],"collection":[{"href":"https:\/\/tidirefi.com\/en\/wp-json\/wp\/v2\/pages"}],"about":[{"href":"https:\/\/tidirefi.com\/en\/wp-json\/wp\/v2\/types\/page"}],"author":[{"embeddable":true,"href":"https:\/\/tidirefi.com\/en\/wp-json\/wp\/v2\/users\/1"}],"replies":[{"embeddable":true,"href":"https:\/\/tidirefi.com\/en\/wp-json\/wp\/v2\/comments?post=306"}],"version-history":[{"count":0,"href":"https:\/\/tidirefi.com\/en\/wp-json\/wp\/v2\/pages\/306\/revisions"}],"wp:attachment":[{"href":"https:\/\/tidirefi.com\/en\/wp-json\/wp\/v2\/media?parent=306"}],"curies":[{"name":"wp","href":"https:\/\/api.w.org\/{rel}","templated":true}]}}